{"id":5427,"date":"2022-01-07T06:42:54","date_gmt":"2022-01-07T06:42:54","guid":{"rendered":"https:\/\/shop.hydrographic-suisse.ch\/?post_type=product&#038;p=5427"},"modified":"2024-08-10T08:18:44","modified_gmt":"2024-08-10T08:18:44","slug":"hydrographic-film-8","status":"publish","type":"product","link":"https:\/\/shop.hydrographic-suisse.ch\/fr\/produit\/hydrographic-film-8\/","title":{"rendered":"Film hydrographique"},"content":{"rendered":"<p>Film hydrographique<\/p>\n<p>&nbsp;<\/p>\n<p><strong>Stabilit\u00e9 aux UV<\/strong>: Nous avons utilis\u00e9 une s\u00e9rie de\u00a0<em>paquets d&#039;encre sophistiqu\u00e9s<\/em>\u00a0qui maintiennent la solidit\u00e9 des couleurs apr\u00e8s des ann\u00e9es d&#039;exposition au soleil. Tous nos films sont stables aux UV, pas seulement certains.<\/p>\n<p><strong>Qualit\u00e9 d&#039;impression<\/strong>: Notre film de trempage hydraulique est fabriqu\u00e9 dans une usine certifi\u00e9e ISO 9001:2008. Nos films sont m\u00e9ticuleusement fabriqu\u00e9s et passent par un processus de contr\u00f4le de qualit\u00e9 rigoureux qui garantit que nos films ont\u00a0<em>inscription pr\u00e9cise<\/em>\u00a0et\u00a0<em>coloration uniforme<\/em>.<\/p>\n<p><strong>Coh\u00e9rence<\/strong>: Le film d&#039;impression par transfert d&#039;eau est\u00a0<em>coh\u00e9rent d&#039;un mod\u00e8le \u00e0 l&#039;autre<\/em>. Fini le temps o\u00f9 vous deviez modifier vos param\u00e8tres pour chaque film de votre inventaire.<\/p>\n<p><strong>Pr\u00e9cision des couleurs<\/strong>: Nous utilisons le\u00a0<em>derni\u00e8re technologie de mesure des couleurs<\/em>\u00a0pour garantir que nos mod\u00e8les r\u00e9pondent aux exigences de couleur correctes apr\u00e8s l&#039;application.<\/p>\n<p><strong>PVA sup\u00e9rieur<\/strong>:\u00a0<em>PVA de qualit\u00e9 sup\u00e9rieure<\/em>\u00a0offre une plus grande flexibilit\u00e9 et des caract\u00e9ristiques d&#039;emballage. Cela am\u00e9liore les capacit\u00e9s de traitement lors du trempage de grandes pi\u00e8ces et de pi\u00e8ces \u00e0 g\u00e9om\u00e9trie tr\u00e8s complexe.<\/p>","protected":false},"excerpt":{"rendered":"<p>Hydrographic film &nbsp; UV Stability: We used a series of\u00a0sophisticated ink packages\u00a0that maintain color fastness after years of sun exposure. All of our films are UV stable, not just some. Print Quality: Our hydro dipping film is manufactured in an ISO 9001:2008 certified facility. Our films are meticulously crafted and go through a stringent quality [&hellip;]<\/p>\n","protected":false},"featured_media":5430,"comment_status":"open","ping_status":"closed","template":"","meta":{"om_disable_all_campaigns":false,"site-sidebar-layout":"default","site-content-layout":"default","ast-site-content-layout":"default","site-content-style":"default","site-sidebar-style":"default","ast-global-header-display":"","ast-banner-title-visibility":"","ast-main-header-display":"","ast-hfb-above-header-display":"","ast-hfb-below-header-display":"","ast-hfb-mobile-header-display":"","site-post-title":"","ast-breadcrumbs-content":"","ast-featured-img":"","footer-sml-layout":"","ast-disable-related-posts":"","theme-transparent-header-meta":"default","adv-header-id-meta":"","stick-header-meta":"","header-above-stick-meta":"","header-main-stick-meta":"","header-below-stick-meta":"","astra-migrate-meta-layouts":"default","ast-page-background-enabled":"default","ast-page-background-meta":{"desktop":{"background-color":"","background-image":"","background-repeat":"repeat","background-position":"center center","background-size":"auto","background-attachment":"scroll","background-type":"","background-media":"","overlay-type":"","overlay-color":"","overlay-opacity":"","overlay-gradient":""},"tablet":{"background-color":"","background-image":"","background-repeat":"repeat","background-position":"center center","background-size":"auto","background-attachment":"scroll","background-type":"","background-media":"","overlay-type":"","overlay-color":"","overlay-opacity":"","overlay-gradient":""},"mobile":{"background-color":"","background-image":"","background-repeat":"repeat","background-position":"center center","background-size":"auto","background-attachment":"scroll","background-type":"","background-media":"","overlay-type":"","overlay-color":"","overlay-opacity":"","overlay-gradient":""}},"ast-content-background-meta":{"desktop":{"background-color":"var(--ast-global-color-5)","background-image":"","background-repeat":"repeat","background-position":"center center","background-size":"auto","background-attachment":"scroll","background-type":"","background-media":"","overlay-type":"","overlay-color":"","overlay-opacity":"","overlay-gradient":""},"tablet":{"background-color":"var(--ast-global-color-5)","background-image":"","background-repeat":"repeat","background-position":"center center","background-size":"auto","background-attachment":"scroll","background-type":"","background-media":"","overlay-type":"","overlay-color":"","overlay-opacity":"","overlay-gradient":""},"mobile":{"background-color":"var(--ast-global-color-5)","background-image":"","background-repeat":"repeat","background-position":"center center","background-size":"auto","background-attachment":"scroll","background-type":"","background-media":"","overlay-type":"","overlay-color":"","overlay-opacity":"","overlay-gradient":""}}},"product_brand":[],"product_cat":[60],"product_tag":[],"class_list":{"0":"post-5427","1":"product","2":"type-product","3":"status-publish","4":"has-post-thumbnail","6":"product_cat-hydrogrphic-film","7":"desktop-align-left","8":"tablet-align-left","9":"mobile-align-left","11":"first","12":"instock","13":"shipping-taxable","14":"purchasable","15":"product-type-variable"},"_links":{"self":[{"href":"https:\/\/shop.hydrographic-suisse.ch\/fr\/wp-json\/wp\/v2\/product\/5427","targetHints":{"allow":["GET"]}}],"collection":[{"href":"https:\/\/shop.hydrographic-suisse.ch\/fr\/wp-json\/wp\/v2\/product"}],"about":[{"href":"https:\/\/shop.hydrographic-suisse.ch\/fr\/wp-json\/wp\/v2\/types\/product"}],"replies":[{"embeddable":true,"href":"https:\/\/shop.hydrographic-suisse.ch\/fr\/wp-json\/wp\/v2\/comments?post=5427"}],"wp:featuredmedia":[{"embeddable":true,"href":"https:\/\/shop.hydrographic-suisse.ch\/fr\/wp-json\/wp\/v2\/media\/5430"}],"wp:attachment":[{"href":"https:\/\/shop.hydrographic-suisse.ch\/fr\/wp-json\/wp\/v2\/media?parent=5427"}],"wp:term":[{"taxonomy":"product_brand","embeddable":true,"href":"https:\/\/shop.hydrographic-suisse.ch\/fr\/wp-json\/wp\/v2\/product_brand?post=5427"},{"taxonomy":"product_cat","embeddable":true,"href":"https:\/\/shop.hydrographic-suisse.ch\/fr\/wp-json\/wp\/v2\/product_cat?post=5427"},{"taxonomy":"product_tag","embeddable":true,"href":"https:\/\/shop.hydrographic-suisse.ch\/fr\/wp-json\/wp\/v2\/product_tag?post=5427"}],"curies":[{"name":"wp","href":"https:\/\/api.w.org\/{rel}","templated":true}]}}