{"id":5413,"date":"2022-01-06T09:44:29","date_gmt":"2022-01-06T09:44:29","guid":{"rendered":"https:\/\/shop.hydrographic-suisse.ch\/?post_type=product&#038;p=5413"},"modified":"2024-11-10T21:11:46","modified_gmt":"2024-11-10T21:11:46","slug":"activator","status":"publish","type":"product","link":"https:\/\/shop.hydrographic-suisse.ch\/fr\/produit\/activator\/","title":{"rendered":"Activateur"},"content":{"rendered":"<div class=\"wWOJcd\" tabindex=\"0\" role=\"button\" aria-controls=\"exacc_WbnWYcnLLauO9u8PrOydkAI32\" aria-expanded=\"true\" aria-labelledby=\"exacc_WbnWYcnLLauO9u8PrOydkAI31\">\n<div id=\"exacc_WbnWYcnLLauO9u8PrOydkAI31\" class=\"iDjcJe IX9Lgd wwB5gf\">Qu&#039;est-ce que l&#039;activateur hydrographique ?<\/div>\n<div class=\"YsGUOb\"><\/div>\n<div class=\"r21Kzd\" data-hveid=\"CBAQAQ\" data-ved=\"2ahUKEwiJ3Obt6pz1AhUrh_0HHSx2ByIQuk56BAgQEAE\"><\/div>\n<\/div>\n<div id=\"exacc_WbnWYcnLLauO9u8PrOydkAI32\" class=\"MBtdbb\" data-ved=\"2ahUKEwiJ3Obt6pz1AhUrh_0HHSx2ByIQ7NUEegQIEBAD\">\n<div class=\"ymu2Hb\">\n<div id=\"_WbnWYcnLLauO9u8PrOydkAI35\" class=\"t0bRye r2fjmd\" data-hveid=\"CBAQBA\" data-ved=\"2ahUKEwiJ3Obt6pz1AhUrh_0HHSx2ByIQu04oAHoECBAQBA\">\n<div id=\"WEB_ANSWERS_RESULT_8_WbnWYcnLLauO9u8PrOydkAI__7\">\n<div class=\"wDYxhc\" data-md=\"61\">\n<div class=\"LGOjhe\" role=\"heading\" data-attrid=\"wa:\/description\" aria-level=\"3\" data-hveid=\"CA0QAA\"><span class=\"ILfuVd\"><span class=\"hgKElc\">L&#039;activateur est\u00a0<b>l&#039;\u00e9l\u00e9ment cl\u00e9 dans le processus d&#039;hydro trempage<\/b>. Il s&#039;agit d&#039;un produit chimique si int\u00e9gr\u00e9 au processus d&#039;immersion hydraulique qu&#039;il agit comme une diff\u00e9rence cl\u00e9 entre les immersions r\u00e9ussies et infructueuses. L&#039;activateur est appliqu\u00e9 sur le film pour le faire dissoudre et transformer l&#039;encre du film en liquide.<\/span><\/span><\/div>\n<\/div>\n<\/div>\n<\/div>\n<\/div>\n<\/div>","protected":false},"excerpt":{"rendered":"<p>What is Hydrographic activator? Activator is\u00a0the key element in the hydro dipping process. It is a chemical so integral to the process of hydro dipping that it acts as a key difference between successful and unsuccessful dips. The activator is applied to the film to make it dissolve and turn the film ink into liquid.<\/p>","protected":false},"featured_media":5069,"comment_status":"open","ping_status":"closed","template":"","meta":{"om_disable_all_campaigns":false,"site-sidebar-layout":"default","site-content-layout":"default","ast-site-content-layout":"default","site-content-style":"default","site-sidebar-style":"default","ast-global-header-display":"","ast-banner-title-visibility":"","ast-main-header-display":"","ast-hfb-above-header-display":"","ast-hfb-below-header-display":"","ast-hfb-mobile-header-display":"","site-post-title":"","ast-breadcrumbs-content":"","ast-featured-img":"","footer-sml-layout":"","ast-disable-related-posts":"","theme-transparent-header-meta":"","adv-header-id-meta":"","stick-header-meta":"","header-above-stick-meta":"","header-main-stick-meta":"","header-below-stick-meta":"","astra-migrate-meta-layouts":"default","ast-page-background-enabled":"default","ast-page-background-meta":{"desktop":{"background-color":"","background-image":"","background-repeat":"repeat","background-position":"center center","background-size":"auto","background-attachment":"scroll","background-type":"","background-media":"","overlay-type":"","overlay-color":"","overlay-opacity":"","overlay-gradient":""},"tablet":{"background-color":"","background-image":"","background-repeat":"repeat","background-position":"center center","background-size":"auto","background-attachment":"scroll","background-type":"","background-media":"","overlay-type":"","overlay-color":"","overlay-opacity":"","overlay-gradient":""},"mobile":{"background-color":"","background-image":"","background-repeat":"repeat","background-position":"center center","background-size":"auto","background-attachment":"scroll","background-type":"","background-media":"","overlay-type":"","overlay-color":"","overlay-opacity":"","overlay-gradient":""}},"ast-content-background-meta":{"desktop":{"background-color":"var(--ast-global-color-5)","background-image":"","background-repeat":"repeat","background-position":"center center","background-size":"auto","background-attachment":"scroll","background-type":"","background-media":"","overlay-type":"","overlay-color":"","overlay-opacity":"","overlay-gradient":""},"tablet":{"background-color":"var(--ast-global-color-5)","background-image":"","background-repeat":"repeat","background-position":"center center","background-size":"auto","background-attachment":"scroll","background-type":"","background-media":"","overlay-type":"","overlay-color":"","overlay-opacity":"","overlay-gradient":""},"mobile":{"background-color":"var(--ast-global-color-5)","background-image":"","background-repeat":"repeat","background-position":"center center","background-size":"auto","background-attachment":"scroll","background-type":"","background-media":"","overlay-type":"","overlay-color":"","overlay-opacity":"","overlay-gradient":""}}},"product_brand":[],"product_cat":[111],"product_tag":[],"class_list":{"0":"post-5413","1":"product","2":"type-product","3":"status-publish","4":"has-post-thumbnail","6":"product_cat-activator","7":"desktop-align-left","8":"tablet-align-left","9":"mobile-align-left","11":"first","12":"instock","13":"shipping-taxable","14":"purchasable","15":"product-type-simple"},"_links":{"self":[{"href":"https:\/\/shop.hydrographic-suisse.ch\/fr\/wp-json\/wp\/v2\/product\/5413","targetHints":{"allow":["GET"]}}],"collection":[{"href":"https:\/\/shop.hydrographic-suisse.ch\/fr\/wp-json\/wp\/v2\/product"}],"about":[{"href":"https:\/\/shop.hydrographic-suisse.ch\/fr\/wp-json\/wp\/v2\/types\/product"}],"replies":[{"embeddable":true,"href":"https:\/\/shop.hydrographic-suisse.ch\/fr\/wp-json\/wp\/v2\/comments?post=5413"}],"wp:featuredmedia":[{"embeddable":true,"href":"https:\/\/shop.hydrographic-suisse.ch\/fr\/wp-json\/wp\/v2\/media\/5069"}],"wp:attachment":[{"href":"https:\/\/shop.hydrographic-suisse.ch\/fr\/wp-json\/wp\/v2\/media?parent=5413"}],"wp:term":[{"taxonomy":"product_brand","embeddable":true,"href":"https:\/\/shop.hydrographic-suisse.ch\/fr\/wp-json\/wp\/v2\/product_brand?post=5413"},{"taxonomy":"product_cat","embeddable":true,"href":"https:\/\/shop.hydrographic-suisse.ch\/fr\/wp-json\/wp\/v2\/product_cat?post=5413"},{"taxonomy":"product_tag","embeddable":true,"href":"https:\/\/shop.hydrographic-suisse.ch\/fr\/wp-json\/wp\/v2\/product_tag?post=5413"}],"curies":[{"name":"wp","href":"https:\/\/api.w.org\/{rel}","templated":true}]}}